{"id":36,"date":"2015-10-09T14:43:21","date_gmt":"2015-10-09T12:43:21","guid":{"rendered":"http:\/\/caissa-journal.de\/en\/?page_id=36"},"modified":"2016-10-12T03:37:15","modified_gmt":"2016-10-12T01:37:15","slug":"supporters","status":"publish","type":"page","link":"http:\/\/caissa-journal.de\/en\/imprint\/supporters\/","title":{"rendered":"Supporters"},"content":{"rendered":"<p style=\"text-align: justify;\">A cordial thanks to all current supporters of Caissa:<\/p>\n<ul>\n<li style=\"text-align: justify;\">Harald Ball\u00f3 (Offenbach)<\/li>\n<li style=\"text-align: justify;\">Herbert Bastian (Riegelsberg, President of the German Chess Federation DSB\/Vice President of the World Chess Federation FIDE)<\/li>\n<li style=\"text-align: justify;\">Prof. Dr. Andreas Bock-Raming (M\u00fcnster)<\/li>\n<li style=\"text-align: justify;\">Iv\u00e1n Bottlik (Budapest)<\/li>\n<li style=\"text-align: justify;\">Prof. Dr. Rainer Buland (Salzburg)<\/li>\n<li style=\"text-align: justify;\">Prof. Dr. Michael Dreyer (Jena)<\/li>\n<li style=\"text-align: justify;\">Hans-J\u00fcrgen Fresen (Bochum)<\/li>\n<li style=\"text-align: justify;\">Anthony Gillam (Nottingham)<\/li>\n<li style=\"text-align: justify;\">Prof. Dr. Bernd Gr\u00e4frath (Duisburg-Essen, President of the German chess composition society Schwalbe)<\/li>\n<li style=\"text-align: justify;\">Dr. Timothy Harding (Dublin)<\/li>\n<li style=\"text-align: justify;\">Dr. Robert H\u00fcbner (Cologne)<\/li>\n<li style=\"text-align: justify;\">Tomasz Lissowski (Warsaw)<\/li>\n<li style=\"text-align: justify;\">PD Dr. Markus May (Munich)<\/li>\n<li style=\"text-align: justify;\">Egbert Meissenburg (Seevetal)<\/li>\n<li style=\"text-align: justify;\">Dr. Peter M\u00fcnder (Rahlstedt)<\/li>\n<li style=\"text-align: justify;\">Dr. Peter Mont\u00e9 (Voorburg)<\/li>\n<li style=\"text-align: justify;\">Eric Ruch (Paris, President of the International Correspondence Chess Federation ICCF)<\/li>\n<li style=\"text-align: justify;\">Dr. habil. Maria Schetelich (Leipzig)<\/li>\n<li style=\"text-align: justify;\">Prof. Dr. Heinrich Schlange-Sch\u00f6ningen (Saarbr\u00fccken)<\/li>\n<li style=\"text-align: justify;\">Siegfried Sch\u00f6nle (Kassel)<\/li>\n<li style=\"text-align: justify;\">Georg Schweiger (Baldham)<\/li>\n<li style=\"text-align: justify;\">Prof. Dr. Ernst Strouhal (Vienna)<\/li>\n<li style=\"text-align: justify;\">Hanspeter Suwe (Winsen)<\/li>\n<li style=\"text-align: justify;\">Prof. Dr. Klaus Vieweg (Jena)<\/li>\n<li style=\"text-align: justify;\">Antonella Ziewacz M.A. (Saarbr\u00fccken)<\/li>\n<\/ul>\n","protected":false},"excerpt":{"rendered":"<p>A cordial thanks to all current supporters of Caissa: Harald Ball\u00f3 (Offenbach) Herbert Bastian (Riegelsberg, President of the German Chess Federation DSB\/Vice President of the World Chess Federation FIDE) Prof. Dr. Andreas Bock-Raming (M\u00fcnster) Iv\u00e1n Bottlik (Budapest) Prof. Dr. Rainer Buland (Salzburg) Prof. Dr. Michael Dreyer (Jena) Hans-J\u00fcrgen Fresen (Bochum) Anthony Gillam (Nottingham) Prof. Dr&#8230;.<\/p>\n","protected":false},"author":2,"featured_media":0,"parent":25,"menu_order":71,"comment_status":"closed","ping_status":"closed","template":"","meta":{"footnotes":""},"class_list":["post-36","page","type-page","status-publish","hentry"],"_links":{"self":[{"href":"http:\/\/caissa-journal.de\/en\/wp-json\/wp\/v2\/pages\/36","targetHints":{"allow":["GET"]}}],"collection":[{"href":"http:\/\/caissa-journal.de\/en\/wp-json\/wp\/v2\/pages"}],"about":[{"href":"http:\/\/caissa-journal.de\/en\/wp-json\/wp\/v2\/types\/page"}],"author":[{"embeddable":true,"href":"http:\/\/caissa-journal.de\/en\/wp-json\/wp\/v2\/users\/2"}],"replies":[{"embeddable":true,"href":"http:\/\/caissa-journal.de\/en\/wp-json\/wp\/v2\/comments?post=36"}],"version-history":[{"count":5,"href":"http:\/\/caissa-journal.de\/en\/wp-json\/wp\/v2\/pages\/36\/revisions"}],"predecessor-version":[{"id":135,"href":"http:\/\/caissa-journal.de\/en\/wp-json\/wp\/v2\/pages\/36\/revisions\/135"}],"up":[{"embeddable":true,"href":"http:\/\/caissa-journal.de\/en\/wp-json\/wp\/v2\/pages\/25"}],"wp:attachment":[{"href":"http:\/\/caissa-journal.de\/en\/wp-json\/wp\/v2\/media?parent=36"}],"curies":[{"name":"wp","href":"https:\/\/api.w.org\/{rel}","templated":true}]}}