{"id":225,"date":"2017-07-07T19:14:10","date_gmt":"2017-07-07T17:14:10","guid":{"rendered":"http:\/\/caissa-journal.de\/en\/?page_id=225"},"modified":"2017-11-17T07:36:11","modified_gmt":"2017-11-17T06:36:11","slug":"caissa-32017","status":"publish","type":"page","link":"http:\/\/caissa-journal.de\/en\/issues\/caissa-32017\/","title":{"rendered":"Caissa 1\/2017"},"content":{"rendered":"<p style=\"text-align: justify;\"><a href=\"http:\/\/caissa-journal.de\/en\/wp-content\/uploads\/sites\/3\/2017\/07\/Caissa-2017-01-Cover-421x600.jpg\"><img loading=\"lazy\" decoding=\"async\" class=\"alignright size-medium wp-image-226\" src=\"http:\/\/caissa-journal.de\/en\/wp-content\/uploads\/sites\/3\/2017\/07\/Caissa-2017-01-Cover-421x600-211x300.jpg\" alt=\"Caissa-2017-01 - Cover\" width=\"211\" height=\"300\" srcset=\"http:\/\/caissa-journal.de\/en\/wp-content\/uploads\/sites\/3\/2017\/07\/Caissa-2017-01-Cover-421x600-211x300.jpg 211w, http:\/\/caissa-journal.de\/en\/wp-content\/uploads\/sites\/3\/2017\/07\/Caissa-2017-01-Cover-421x600.jpg 421w\" sizes=\"auto, (max-width: 211px) 100vw, 211px\" \/><\/a>The following list gives you an overview of the topics of the third issue of Caissa. Furthermore we provide three extracts of articles here.<\/p>\n<ul>\n<li>Dr. Robert H\u00fcbner: Das Gl\u00fchw\u00fcrmchen-Turnier 1868-1869<\/li>\n<li>Prof. Bernd-Peter Lange: Hierarchiespiele: Schach spielende Frauen um Bertold Brecht (<a href=\"http:\/\/caissa-journal.de\/en\/wp-content\/uploads\/sites\/3\/2017\/07\/Leseprobe_Hierarchiespiele.pdf\" target=\"_blank\" rel=\"noopener\">Extract<\/a> &#8211; pdf 3,49 MB)<\/li>\n<li>Dr. Arie van der Stoep \/ Wim van Mourik: Board games in post medieval Germany<\/li>\n<li>Rainer Schmidt: Xiangqi ist kein chinesisches Schach, sondern Schach ist europ\u00e4isches Xiangqi<\/li>\n<li>Peter Anderberg: Drei Partien des jungen Ludwig Engels (<a href=\"http:\/\/caissa-journal.de\/en\/wp-content\/uploads\/sites\/3\/2017\/07\/Leseprobe_Drei-Partien.pdf\">Extract<\/a> &#8211; pdf 1,94 MB)<em><br \/>\n<\/em><\/li>\n<li>Dr. Natascha Niemeyer-Wasserer: The historic chess set &#8220;The battle of Teutoburg forest&#8221; 1933 by Max Esser in the mirror of contemporary criticism<\/li>\n<li>Prof. Ingo Alth\u00f6fer: Gemeine Nachrichten in Spielpartien<\/li>\n<li>Neuigkeiten aus der Forschung (Ausstellung &#8220;Schach und Poesie&#8221; Bad Aibling, London Chess Conference, Strategiespieltagung Cambridge, Treffen der Chess Collectors International und der Ken Whyld Association Altenburg &#8211; (<a href=\"http:\/\/caissa-journal.de\/en\/wp-content\/uploads\/sites\/3\/2017\/07\/Leseprobe_Treffen-der-CCI-und-KWA.pdf\" target=\"_blank\" rel=\"noopener\">Extract<\/a> &#8211; pdf 1,43 MB)<\/li>\n<li>Rezension: Friedrich-Karl Hebeker: &#8220;Vom Rhein nach Sao Paulo&#8221; (plus Interview mit dem Autor), Arno Nickel (Hrsg.): Schach-Kalender 2017, Martin Breutigam: Genies in Schwarzweiss &#8211; Die Schachweltmeister im Portrait, ChessBase Mega Database 2017<\/li>\n<\/ul>\n<p>Order Caissa 1\/2017 <a href=\"http:\/\/www.chaturanga.de\/products-page\/caissa\/caissa-12017\/\" target=\"_blank\" rel=\"noopener\">online<\/a> in the Web-Shop of Chaturanga.<\/p>\n","protected":false},"excerpt":{"rendered":"<p>The following list gives you an overview of the topics of the third issue of Caissa. Furthermore we provide three extracts of articles here. Dr. Robert H\u00fcbner: Das Gl\u00fchw\u00fcrmchen-Turnier 1868-1869 Prof. Bernd-Peter Lange: Hierarchiespiele: Schach spielende Frauen um Bertold Brecht (Extract &#8211; pdf 3,49 MB) Dr. Arie van der Stoep \/ Wim van Mourik: Board&#8230;<\/p>\n","protected":false},"author":2,"featured_media":0,"parent":9,"menu_order":403,"comment_status":"closed","ping_status":"closed","template":"","meta":{"footnotes":""},"class_list":["post-225","page","type-page","status-publish","hentry"],"_links":{"self":[{"href":"http:\/\/caissa-journal.de\/en\/wp-json\/wp\/v2\/pages\/225","targetHints":{"allow":["GET"]}}],"collection":[{"href":"http:\/\/caissa-journal.de\/en\/wp-json\/wp\/v2\/pages"}],"about":[{"href":"http:\/\/caissa-journal.de\/en\/wp-json\/wp\/v2\/types\/page"}],"author":[{"embeddable":true,"href":"http:\/\/caissa-journal.de\/en\/wp-json\/wp\/v2\/users\/2"}],"replies":[{"embeddable":true,"href":"http:\/\/caissa-journal.de\/en\/wp-json\/wp\/v2\/comments?post=225"}],"version-history":[{"count":4,"href":"http:\/\/caissa-journal.de\/en\/wp-json\/wp\/v2\/pages\/225\/revisions"}],"predecessor-version":[{"id":243,"href":"http:\/\/caissa-journal.de\/en\/wp-json\/wp\/v2\/pages\/225\/revisions\/243"}],"up":[{"embeddable":true,"href":"http:\/\/caissa-journal.de\/en\/wp-json\/wp\/v2\/pages\/9"}],"wp:attachment":[{"href":"http:\/\/caissa-journal.de\/en\/wp-json\/wp\/v2\/media?parent=225"}],"curies":[{"name":"wp","href":"https:\/\/api.w.org\/{rel}","templated":true}]}}