{"id":187,"date":"2016-10-20T21:28:48","date_gmt":"2016-10-20T19:28:48","guid":{"rendered":"http:\/\/caissa-journal.de\/en\/?page_id=187"},"modified":"2020-12-08T22:27:43","modified_gmt":"2020-12-08T21:27:43","slug":"reviews","status":"publish","type":"page","link":"http:\/\/caissa-journal.de\/en\/reviews\/","title":{"rendered":"Reviews"},"content":{"rendered":"<p style=\"text-align: justify;\"><a href=\"http:\/\/caissa-journal.de\/en\/wp-content\/uploads\/sites\/3\/2016\/10\/Rezensionen-Collage4.jpeg\"><img loading=\"lazy\" decoding=\"async\" class=\"alignright size-medium wp-image-203\" src=\"http:\/\/caissa-journal.de\/en\/wp-content\/uploads\/sites\/3\/2016\/10\/Rezensionen-Collage4-300x300.jpeg\" alt=\"rezensionen-collage4\" width=\"300\" height=\"300\" srcset=\"http:\/\/caissa-journal.de\/en\/wp-content\/uploads\/sites\/3\/2016\/10\/Rezensionen-Collage4-300x300.jpeg 300w, http:\/\/caissa-journal.de\/en\/wp-content\/uploads\/sites\/3\/2016\/10\/Rezensionen-Collage4-150x150.jpeg 150w, http:\/\/caissa-journal.de\/en\/wp-content\/uploads\/sites\/3\/2016\/10\/Rezensionen-Collage4-768x768.jpeg 768w, http:\/\/caissa-journal.de\/en\/wp-content\/uploads\/sites\/3\/2016\/10\/Rezensionen-Collage4-1024x1024.jpeg 1024w, http:\/\/caissa-journal.de\/en\/wp-content\/uploads\/sites\/3\/2016\/10\/Rezensionen-Collage4.jpeg 2048w\" sizes=\"auto, (max-width: 300px) 100vw, 300px\" \/><\/a>Following is a list of (international) reviews for Caissa. Til today there are already reviews on German, Dutch, English, and Norwegian! They were published in (international) daily newspapers, the Homepages of various &#8220;historically\/cultural Chess-Sites&#8221; (starting with the Association of Correspondence Chess, through various Magazines to the &#8220;Chess Museum&#8221;), and famous publications like the Blog (&#8220;Ber\u00fchrt gef\u00fchrt&#8221;) of the German FAZ (Frankfurter Allgemeine Zeitung).<\/p>\n<p style=\"text-align: justify;\">Many thanks to the reviewers for taking the (large amount of) time to review Caissa and especially for their critical look.<\/p>\n<p style=\"text-align: justify;\">New reviewers are welcome and may contact us via our <a href=\"http:\/\/caissa-journal.de\/en\/contact\/\">contact form<\/a>.<\/p>\n<h3>Caissa 1\/2016<\/h3>\n<p>\u2192 Review on <a href=\"http:\/\/chessbooks.nl\/elburg218.html\" target=\"_blank\" rel=\"noopener noreferrer\">www.chessbooks.nl<\/a> by John Elburg (&#8220;Certainly one of the most interesting chess magazines that I have ever seen!&#8221;).<\/p>\n<p>\u2192 <a href=\"http:\/\/caissa-journal.de\/en\/wp-content\/uploads\/sites\/3\/2016\/06\/Schaken.pdf\" target=\"_blank\" rel=\"noopener noreferrer\">Review<\/a> (pdf, Dutch) in the section \u201eSchaken\u201c in the <em>Nederlands Dagblad<\/em> by B. H. Wilders.<\/p>\n<p>\u2192 Review (German) on <a href=\"https:\/\/glarean-magazin.ch\/2016\/07\/20\/schach-caissa-zeitschrift-rezensionen-reviews-ziegler-glarean-magazin\/\" target=\"_blank\" rel=\"noopener noreferrer\">glarean-magazin.ch<\/a> by Walter Eigenmann (&#8221; Die Erstausgabe dokumentiert eindr\u00fccklich ein breites thematisches Spektrum und eine erlesene Qualit\u00e4t sowohl in drucktechnischer wie in grafischer Hinsicht.&#8221;)<\/p>\n<p>\u2192 Review (German) on <a href=\"http:\/\/www.schach-chess.com\/Schachzeitschriften.htm#Aktuelle_Schachzeitungen_und_internationale_Schachmagazine\" target=\"_blank\" rel=\"noopener noreferrer\">www.schach-chess.com<\/a> by Elke Rehder (&#8220;Die erste Ausgabe liegt mir vor und macht einen sehr guten, bibliophilen Eindruck.&#8221;)<\/p>\n<p>\u2192 <a href=\"http:\/\/blogs.faz.net\/schachblog\/2016\/07\/29\/robert-huebner-analysiert-einen-ganz-alten-meister-165\/\" target=\"_blank\" rel=\"noopener noreferrer\">Review<\/a> (German) in \u201cBer\u00fchrt gef\u00fchrt\u201d, a blog of the &#8220;Frankfurter Allgemeine Zeitung&#8221;, by J\u00fcrgen Kaube (&#8220;H\u00fcbner pr\u00e4pariert zun\u00e4chst die verstreut und oft unvollst\u00e4ndig publizierten Partien dieser fr\u00fchen Auseinandersetzung heraus. Dann analysiert er sie.&#8221;)<\/p>\n<p>\u2192 <a href=\"http:\/\/www.bdf-fernschachbund.de\/service\/rezensionen\/2016\/rezens2016.htm#Zeitschrift%20Caissa%20Nr.%201\/2016\" target=\"_blank\" rel=\"noopener noreferrer\">Review<\/a> (German) on the homepage of the &#8220;<a href=\"http:\/\/www.bdf-fernschachbund.de\/\" target=\"_blank\" rel=\"noopener noreferrer\">Deutscher Fernschachbund<\/a>&#8221; by Uwe Bekemann (&#8220;&#8216;Caissa&#8217; ist nicht irgendeine (neue) Schachzeitschrift, sondern eine komplett au\u00dfergew\u00f6hnliche.&#8221;)<\/p>\n<p>\u2192<a href=\"http:\/\/fss.no\/index.php\/nyheter\/boker-software\/163-caissa-et-nytt-sjakkblad\" target=\"_blank\" rel=\"noopener noreferrer\">Review<\/a> (Nowegian &#8211; german translation: <a href=\"http:\/\/caissa-journal.de\/en\/wp-content\/uploads\/sites\/3\/2016\/09\/Rezension_Caissa-Uebersetzung.pdf\" target=\"_blank\" rel=\"noopener noreferrer\">pdf<\/a>) on the homepage of the &#8220;Fredriksstad Schakelskap&#8221; by Holger Blauhut.<\/p>\n<p>\u2192 Review (German &#8211; <a href=\"http:\/\/caissa-journal.de\/en\/wp-content\/uploads\/sites\/3\/2016\/09\/Rezension-Caissa-B\u00fcsing-Schwalbe-Heft-280.pdf\" target=\"_blank\" rel=\"noopener noreferrer\">pdf<\/a>, 418 kB) by G\u00fcnter B\u00fcsing in &#8220;<em>Die Schwalbe. Zeitschrift f\u00fcr Problemschach<\/em> &#8211; Heft 280&#8243; (&#8220;Die Herausgeber haben sicher einigen Mut bewiesen, mit einer derart ambitionierten Zeitschrift auf den vermeintlich nicht sehr gro\u00dfen Markt zu gehen.&#8221;)<\/p>\n<p>\u2192 Review (German) on <a href=\"http:\/\/www.schachmuseum.com\/buch-aktuell.html\" target=\"_blank\" rel=\"noopener noreferrer\">www.schachmuseum.com<\/a> by Nicholas Lanier (&#8220;Die Zeitschrift entspricht jedenfalls den hohen Erwartungen, die in den letzten Monaten angestellt wurden, in bestem Stil&#8230;..man freut sich schon auf die n\u00e4chste Nummer!&#8221;)<\/p>\n<h3>Caissa 2\/2016<\/h3>\n<p>\u2192 <a href=\"http:\/\/caissa-journal.de\/en\/wp-content\/uploads\/sites\/3\/2017\/01\/Rezension_Caissa-02-Schaken.pdf\" target=\"_blank\" rel=\"noopener noreferrer\">Review<\/a> (pdf, Dutch, 140KB) in the section \u201eSchaken\u201c in the <em>Nederlands Dagblad<\/em> by B. H. Wilders.<\/p>\n<h3>Caissa 2\/2017 and 1\/2018<\/h3>\n<p>\u2192 Review (German) on <a href=\"http:\/\/www.schachmuseum.com\/zeitschriften-zu-schachkultur-und--geschichte.html\" target=\"_blank\" rel=\"noopener noreferrer\">www.schachmuseum.com<\/a>\u00a0 (&#8220;Die letzten beiden Nummern enthalten eine ganze Reihe von interessanten Beitr\u00e4gen, die Spannweite der Themen reicht um einiges \u00fcber den engeren Bereich Schach hinaus:&#8221;)<\/p>\n<h3>Caissa 1\/2018<\/h3>\n<p>\u2192 Review (German) on <a href=\"https:\/\/glarean-magazin.ch\/2018\/07\/25\/schach-zeitschrift-caissa-ausgabe-1-2018-rezension\/\" target=\"_blank\" rel=\"noopener noreferrer\">glarean-magazin.ch<\/a> von Walter Eigenmann (&#8220;Das aktuelle Heft 1 des Jahres 2018 wartet wie sein Vorg\u00e4nger wiederum mit einer F\u00fclle exquisiter Inhalte auf, die insbesondere die historisch und wissenschaftlich interessierten Leser unter den Schachfreunden ansprechen d\u00fcrften.&#8221;)<\/p>\n<h3><\/h3>\n","protected":false},"excerpt":{"rendered":"<p>Following is a list of (international) reviews for Caissa. Til today there are already reviews on German, Dutch, English, and Norwegian! They were published in (international) daily newspapers, the Homepages of various &#8220;historically\/cultural Chess-Sites&#8221; (starting with the Association of Correspondence Chess, through various Magazines to the &#8220;Chess Museum&#8221;), and famous publications like the Blog (&#8220;Ber\u00fchrt&#8230;<\/p>\n","protected":false},"author":2,"featured_media":0,"parent":0,"menu_order":4,"comment_status":"closed","ping_status":"closed","template":"","meta":{"footnotes":""},"class_list":["post-187","page","type-page","status-publish","hentry"],"_links":{"self":[{"href":"http:\/\/caissa-journal.de\/en\/wp-json\/wp\/v2\/pages\/187","targetHints":{"allow":["GET"]}}],"collection":[{"href":"http:\/\/caissa-journal.de\/en\/wp-json\/wp\/v2\/pages"}],"about":[{"href":"http:\/\/caissa-journal.de\/en\/wp-json\/wp\/v2\/types\/page"}],"author":[{"embeddable":true,"href":"http:\/\/caissa-journal.de\/en\/wp-json\/wp\/v2\/users\/2"}],"replies":[{"embeddable":true,"href":"http:\/\/caissa-journal.de\/en\/wp-json\/wp\/v2\/comments?post=187"}],"version-history":[{"count":9,"href":"http:\/\/caissa-journal.de\/en\/wp-json\/wp\/v2\/pages\/187\/revisions"}],"predecessor-version":[{"id":287,"href":"http:\/\/caissa-journal.de\/en\/wp-json\/wp\/v2\/pages\/187\/revisions\/287"}],"wp:attachment":[{"href":"http:\/\/caissa-journal.de\/en\/wp-json\/wp\/v2\/media?parent=187"}],"curies":[{"name":"wp","href":"https:\/\/api.w.org\/{rel}","templated":true}]}}