{"id":12,"date":"2015-10-09T01:14:05","date_gmt":"2015-10-08T23:14:05","guid":{"rendered":"http:\/\/caissa-journal.de\/en\/?page_id=12"},"modified":"2016-10-28T09:14:12","modified_gmt":"2016-10-28T07:14:12","slug":"caissa-1-2016","status":"publish","type":"page","link":"http:\/\/caissa-journal.de\/en\/issues\/caissa-1-2016\/","title":{"rendered":"Caissa 1\/2016"},"content":{"rendered":"<p style=\"text-align: justify;\"><a href=\"http:\/\/caissa-journal.de\/en\/wp-content\/uploads\/sites\/3\/2016\/03\/Cover-Caissa-1-2016-452x640.jpg\" rel=\"attachment wp-att-121\"><img loading=\"lazy\" decoding=\"async\" class=\"alignright wp-image-121 size-medium\" src=\"http:\/\/caissa-journal.de\/en\/wp-content\/uploads\/sites\/3\/2016\/03\/Cover-Caissa-1-2016-452x640-212x300.jpg\" alt=\"Cover Caissa 1 2016 - 452x640\" width=\"212\" height=\"300\" srcset=\"http:\/\/caissa-journal.de\/en\/wp-content\/uploads\/sites\/3\/2016\/03\/Cover-Caissa-1-2016-452x640-212x300.jpg 212w, http:\/\/caissa-journal.de\/en\/wp-content\/uploads\/sites\/3\/2016\/03\/Cover-Caissa-1-2016-452x640.jpg 452w\" sizes=\"auto, (max-width: 212px) 100vw, 212px\" \/><\/a>These previews and excerpts of the first issue of Caissa are available at the moment. More to follow, until the first edition is published.<\/p>\n<ul>\n<li style=\"text-align: justify;\"><a href=\"http:\/\/caissa-journal.de\/en\/issues\/caissa-1-2016\/preface-first-edition\/\">Preface &#8211; first edition<\/a> from Herbert Bastian, president Deutscher Schachbund (DSB) e. V. and Vice President of the World Chess Federation (FIDE). (<a href=\"http:\/\/caissa-journal.de\/ausgaben\/caissa-1-2016\/geleitwort-zur-erstausgabe\/\">German<\/a>)<\/li>\n<li>Iv\u00e1n Bottlik (Budapest): L\u00e1szl\u00f3 T\u00f3th: Schachspieler, Redakteur, Herausgeber und Pers\u00f6nlichkeit des \u00f6ffentlichen Lebens<\/li>\n<li>Tony Gillam (Nottingham): Getting Things Right<\/li>\n<li>Prof. Dr. Bernd Gr\u00e4frath (Duisburg-Essen): Die Wendejahre 1989-90 in der Zeitschrift \u201cSchach\u201d<\/li>\n<li>Dr. Adrian Harvey (London): Social participation in the game of chess: A recreation for everyone<\/li>\n<li>Dr. Robert H\u00fcbner (K\u00f6ln): Der erste Wettkampf zwischen Blackburne und Steinitz<\/li>\n<li>Dr. Peter Mont\u00e9 (Voorburg): Mythical Inventors of Chess<\/li>\n<li>Siegfried Sch\u00f6nle (Kassel): Schach in B\u00fcchern aus der Zeit des deutschen Barocks oder der Fr\u00fchen Neuzeit. \u2013 Eine annotierte Bibliographie<\/li>\n<li>Antonella Ziewacz (Saarbr\u00fccken): Die NS-Ideologie im Brettspiel<\/li>\n<\/ul>\n<p>&nbsp;<\/p>\n<p>Order Caissa 1\/2016 <a href=\"http:\/\/www.chaturanga.de\/products-page\/caissa\/caissa-12016\/\" target=\"_blank\">online<\/a> in the Web-Shop of Chaturanga.<\/p>\n","protected":false},"excerpt":{"rendered":"<p>These previews and excerpts of the first issue of Caissa are available at the moment. More to follow, until the first edition is published. Preface &#8211; first edition from Herbert Bastian, president Deutscher Schachbund (DSB) e. V. and Vice President of the World Chess Federation (FIDE). (German) Iv\u00e1n Bottlik (Budapest): L\u00e1szl\u00f3 T\u00f3th: Schachspieler, Redakteur, Herausgeber&#8230;<\/p>\n","protected":false},"author":2,"featured_media":0,"parent":9,"menu_order":401,"comment_status":"closed","ping_status":"closed","template":"","meta":{"footnotes":""},"class_list":["post-12","page","type-page","status-publish","hentry"],"_links":{"self":[{"href":"http:\/\/caissa-journal.de\/en\/wp-json\/wp\/v2\/pages\/12","targetHints":{"allow":["GET"]}}],"collection":[{"href":"http:\/\/caissa-journal.de\/en\/wp-json\/wp\/v2\/pages"}],"about":[{"href":"http:\/\/caissa-journal.de\/en\/wp-json\/wp\/v2\/types\/page"}],"author":[{"embeddable":true,"href":"http:\/\/caissa-journal.de\/en\/wp-json\/wp\/v2\/users\/2"}],"replies":[{"embeddable":true,"href":"http:\/\/caissa-journal.de\/en\/wp-json\/wp\/v2\/comments?post=12"}],"version-history":[{"count":15,"href":"http:\/\/caissa-journal.de\/en\/wp-json\/wp\/v2\/pages\/12\/revisions"}],"predecessor-version":[{"id":210,"href":"http:\/\/caissa-journal.de\/en\/wp-json\/wp\/v2\/pages\/12\/revisions\/210"}],"up":[{"embeddable":true,"href":"http:\/\/caissa-journal.de\/en\/wp-json\/wp\/v2\/pages\/9"}],"wp:attachment":[{"href":"http:\/\/caissa-journal.de\/en\/wp-json\/wp\/v2\/media?parent=12"}],"curies":[{"name":"wp","href":"https:\/\/api.w.org\/{rel}","templated":true}]}}